{"id":1435,"date":"2026-02-17T02:50:14","date_gmt":"2026-02-17T02:50:14","guid":{"rendered":"https:\/\/elearninglatino.com\/?page_id=1435"},"modified":"2026-02-24T23:33:21","modified_gmt":"2026-02-24T23:33:21","slug":"capsulasec301ec217","status":"publish","type":"page","link":"https:\/\/elearninglatino.com\/index.php\/capsulasec301ec217\/","title":{"rendered":"CapsulasEC301EC217"},"content":{"rendered":"\t\t<div data-elementor-type=\"wp-page\" data-elementor-id=\"1435\" class=\"elementor elementor-1435\" data-elementor-post-type=\"page\">\n\t\t\t\t\t\t<section class=\"elementor-section elementor-top-section elementor-element elementor-element-6610df0 elementor-section-boxed elementor-section-height-default elementor-section-height-default\" data-id=\"6610df0\" data-element_type=\"section\" data-e-type=\"section\">\n\t\t\t\t\t\t<div class=\"elementor-container elementor-column-gap-default\">\n\t\t\t\t\t<div class=\"elementor-column elementor-col-100 elementor-top-column elementor-element elementor-element-d5836bb\" data-id=\"d5836bb\" data-element_type=\"column\" data-e-type=\"column\">\n\t\t\t<div class=\"elementor-widget-wrap\">\n\t\t\t\t\t\t\t<\/div>\n\t\t<\/div>\n\t\t\t\t\t<\/div>\n\t\t<\/section>\n\t\t\t\t<section class=\"elementor-section elementor-top-section elementor-element elementor-element-94b7930 elementor-section-boxed elementor-section-height-default elementor-section-height-default\" data-id=\"94b7930\" data-element_type=\"section\" data-e-type=\"section\">\n\t\t\t\t\t\t<div class=\"elementor-container elementor-column-gap-default\">\n\t\t\t\t\t<div class=\"elementor-column elementor-col-100 elementor-top-column elementor-element elementor-element-74e006d\" data-id=\"74e006d\" data-element_type=\"column\" data-e-type=\"column\">\n\t\t\t<div class=\"elementor-widget-wrap elementor-element-populated\">\n\t\t\t\t\t\t<div class=\"elementor-element elementor-element-b0c7fca elementor-widget elementor-widget-image\" data-id=\"b0c7fca\" data-element_type=\"widget\" data-e-type=\"widget\" data-widget_type=\"image.default\">\n\t\t\t\t<div class=\"elementor-widget-container\">\n\t\t\t\t\t\t\t\t\t\t\t\t\t\t\t<img fetchpriority=\"high\" decoding=\"async\" width=\"795\" height=\"264\" src=\"https:\/\/i0.wp.com\/elearninglatino.com\/wp-content\/uploads\/2025\/07\/Logos2.png?fit=795%2C264&amp;ssl=1\" class=\"attachment-large size-large wp-image-1241\" alt=\"\" srcset=\"https:\/\/i0.wp.com\/elearninglatino.com\/wp-content\/uploads\/2025\/07\/Logos2.png?w=795&amp;ssl=1 795w, https:\/\/i0.wp.com\/elearninglatino.com\/wp-content\/uploads\/2025\/07\/Logos2.png?resize=300%2C100&amp;ssl=1 300w, https:\/\/i0.wp.com\/elearninglatino.com\/wp-content\/uploads\/2025\/07\/Logos2.png?resize=768%2C255&amp;ssl=1 768w, https:\/\/i0.wp.com\/elearninglatino.com\/wp-content\/uploads\/2025\/07\/Logos2.png?resize=720%2C239&amp;ssl=1 720w\" sizes=\"(max-width: 795px) 100vw, 795px\" \/>\t\t\t\t\t\t\t\t\t\t\t\t\t\t\t<\/div>\n\t\t\t\t<\/div>\n\t\t\t\t<div class=\"elementor-element elementor-element-bc0fb2d elementor-widget elementor-widget-heading\" data-id=\"bc0fb2d\" data-element_type=\"widget\" data-e-type=\"widget\" data-widget_type=\"heading.default\">\n\t\t\t\t<div class=\"elementor-widget-container\">\n\t\t\t\t\t<h1 class=\"elementor-heading-title elementor-size-default\">Seminario Gratuito de <br>Inducci\u00f3n a los Est\u00e1ndares EC0301 y EC0217.01<br>\n<\/h1>\t\t\t\t<\/div>\n\t\t\t\t<\/div>\n\t\t\t\t<div class=\"elementor-element elementor-element-3c02df0 elementor-countdown--label-block elementor-widget elementor-widget-countdown\" data-id=\"3c02df0\" data-element_type=\"widget\" data-e-type=\"widget\" data-widget_type=\"countdown.default\">\n\t\t\t\t<div class=\"elementor-widget-container\">\n\t\t\t\t\t\t\t<div data-expire-actions=\"[{&quot;type&quot;:&quot;hide&quot;}]\" class=\"elementor-countdown-wrapper\" data-date=\"1771981200\">\n\t\t\t<div class=\"elementor-countdown-item\"><span class=\"elementor-countdown-digits elementor-countdown-days\"><\/span> <span class=\"elementor-countdown-label\">Days<\/span><\/div><div class=\"elementor-countdown-item\"><span class=\"elementor-countdown-digits elementor-countdown-hours\"><\/span> <span class=\"elementor-countdown-label\">Hours<\/span><\/div><div class=\"elementor-countdown-item\"><span class=\"elementor-countdown-digits elementor-countdown-minutes\"><\/span> <span class=\"elementor-countdown-label\">Minutes<\/span><\/div><div class=\"elementor-countdown-item\"><span class=\"elementor-countdown-digits elementor-countdown-seconds\"><\/span> <span class=\"elementor-countdown-label\">Seconds<\/span><\/div>\t\t<\/div>\n\t\t\t\t\t\t<\/div>\n\t\t\t\t<\/div>\n\t\t\t\t\t<\/div>\n\t\t<\/div>\n\t\t\t\t\t<\/div>\n\t\t<\/section>\n\t\t\t\t<section class=\"elementor-section elementor-top-section elementor-element elementor-element-2bcb6a6 elementor-section-boxed elementor-section-height-default elementor-section-height-default elementor-invisible\" data-id=\"2bcb6a6\" data-element_type=\"section\" data-e-type=\"section\" data-settings=\"{&quot;animation&quot;:&quot;fadeIn&quot;}\">\n\t\t\t\t\t\t<div class=\"elementor-container elementor-column-gap-default\">\n\t\t\t\t\t<div class=\"elementor-column elementor-col-100 elementor-top-column elementor-element elementor-element-ddb9f75\" data-id=\"ddb9f75\" data-element_type=\"column\" data-e-type=\"column\">\n\t\t\t<div class=\"elementor-widget-wrap elementor-element-populated\">\n\t\t\t\t\t\t<div class=\"elementor-element elementor-element-7cc4240 elementor-widget elementor-widget-text-editor\" data-id=\"7cc4240\" data-element_type=\"widget\" data-e-type=\"widget\" data-widget_type=\"text-editor.default\">\n\t\t\t\t<div class=\"elementor-widget-container\">\n\t\t\t\t\t\t\t\t\t<p style=\"text-align: justify;\">Descubre c\u00f3mo participar de la industria de la capacitaci\u00f3n, en nuestro\u00a0<strong>seminario gratuito online,\u00a0<\/strong>dise\u00f1ando e impartiendo cursos de alto valor avalados por la SEP, al cumplir con los requisitos del\u00a0<strong>EC0301 y EC0217.01<\/strong>\u00a0para distinguirte como un dise\u00f1ador e instructor de calidad en M\u00e9xico.<\/p><p style=\"text-align: justify;\">Prep\u00e1rate para el seminario con estas c\u00e1psulas, cada una se ir\u00e1 desbloqueando antes del seminario<\/p>\t\t\t\t\t\t\t\t<\/div>\n\t\t\t\t<\/div>\n\t\t\t\t\t<\/div>\n\t\t<\/div>\n\t\t\t\t\t<\/div>\n\t\t<\/section>\n\t\t\t\t<section class=\"elementor-section elementor-top-section elementor-element elementor-element-65377ae elementor-section-boxed elementor-section-height-default elementor-section-height-default\" data-id=\"65377ae\" data-element_type=\"section\" data-e-type=\"section\">\n\t\t\t\t\t\t<div class=\"elementor-container elementor-column-gap-default\">\n\t\t\t\t\t<div class=\"elementor-column elementor-col-50 elementor-top-column elementor-element elementor-element-4ac29a0\" data-id=\"4ac29a0\" data-element_type=\"column\" data-e-type=\"column\">\n\t\t\t<div class=\"elementor-widget-wrap elementor-element-populated\">\n\t\t\t\t\t\t<div class=\"elementor-element elementor-element-e15758c elementor-widget elementor-widget-video\" data-id=\"e15758c\" data-element_type=\"widget\" data-e-type=\"widget\" data-settings=\"{&quot;video_type&quot;:&quot;vimeo&quot;}\" data-widget_type=\"video.default\">\n\t\t\t\t<div class=\"elementor-widget-container\">\n\t\t\t\t\t\t\t<div class=\"elementor-wrapper elementor-open-inline\">\n\t\t\t<iframe class=\"elementor-video-iframe\" allowfullscreen allow=\"clipboard-write\" title=\"Reproductor de video vimeo\" src=\"https:\/\/player.vimeo.com\/video\/1165817569?color&amp;autopause=0&amp;loop=0&amp;muted=0&amp;title=0&amp;portrait=0&amp;byline=0&amp;h=33388dd2e8#t=\"><\/iframe>\t\t<\/div>\n\t\t\t\t\t\t<\/div>\n\t\t\t\t<\/div>\n\t\t\t\t\t<\/div>\n\t\t<\/div>\n\t\t\t\t<div class=\"elementor-column elementor-col-50 elementor-top-column elementor-element elementor-element-8e9d8a7\" data-id=\"8e9d8a7\" data-element_type=\"column\" data-e-type=\"column\">\n\t\t\t<div class=\"elementor-widget-wrap elementor-element-populated\">\n\t\t\t\t\t\t<div class=\"elementor-element elementor-element-566d270 elementor-widget elementor-widget-video\" data-id=\"566d270\" data-element_type=\"widget\" data-e-type=\"widget\" data-settings=\"{&quot;video_type&quot;:&quot;vimeo&quot;}\" data-widget_type=\"video.default\">\n\t\t\t\t<div class=\"elementor-widget-container\">\n\t\t\t\t\t\t\t<div class=\"elementor-wrapper elementor-open-inline\">\n\t\t\t<iframe class=\"elementor-video-iframe\" allowfullscreen allow=\"clipboard-write\" title=\"Reproductor de video vimeo\" src=\"https:\/\/player.vimeo.com\/video\/1166452844?color&amp;autopause=0&amp;loop=0&amp;muted=0&amp;title=0&amp;portrait=0&amp;byline=0&amp;h=2cd38e996d#t=\"><\/iframe>\t\t<\/div>\n\t\t\t\t\t\t<\/div>\n\t\t\t\t<\/div>\n\t\t\t\t\t<\/div>\n\t\t<\/div>\n\t\t\t\t\t<\/div>\n\t\t<\/section>\n\t\t\t\t<section class=\"elementor-section elementor-top-section elementor-element elementor-element-78b7136 elementor-section-boxed elementor-section-height-default elementor-section-height-default\" data-id=\"78b7136\" data-element_type=\"section\" data-e-type=\"section\">\n\t\t\t\t\t\t<div class=\"elementor-container elementor-column-gap-default\">\n\t\t\t\t\t<div class=\"elementor-column elementor-col-50 elementor-top-column elementor-element elementor-element-f66aa60\" data-id=\"f66aa60\" data-element_type=\"column\" data-e-type=\"column\">\n\t\t\t<div class=\"elementor-widget-wrap elementor-element-populated\">\n\t\t\t\t\t\t<div class=\"elementor-element elementor-element-cee90af elementor-widget elementor-widget-video\" data-id=\"cee90af\" data-element_type=\"widget\" data-e-type=\"widget\" data-settings=\"{&quot;video_type&quot;:&quot;vimeo&quot;}\" data-widget_type=\"video.default\">\n\t\t\t\t<div class=\"elementor-widget-container\">\n\t\t\t\t\t\t\t<div class=\"elementor-wrapper elementor-open-inline\">\n\t\t\t<iframe class=\"elementor-video-iframe\" allowfullscreen allow=\"clipboard-write\" title=\"Reproductor de video vimeo\" src=\"https:\/\/player.vimeo.com\/video\/1167452895?color&amp;autopause=0&amp;loop=0&amp;muted=0&amp;title=0&amp;portrait=0&amp;byline=0&amp;h=a90484d663#t=\"><\/iframe>\t\t<\/div>\n\t\t\t\t\t\t<\/div>\n\t\t\t\t<\/div>\n\t\t\t\t\t<\/div>\n\t\t<\/div>\n\t\t\t\t<div class=\"elementor-column elementor-col-50 elementor-top-column elementor-element elementor-element-8c5f2e6\" data-id=\"8c5f2e6\" data-element_type=\"column\" data-e-type=\"column\">\n\t\t\t<div class=\"elementor-widget-wrap elementor-element-populated\">\n\t\t\t\t\t\t<div class=\"elementor-element elementor-element-12b1501 elementor-widget elementor-widget-video\" data-id=\"12b1501\" data-element_type=\"widget\" data-e-type=\"widget\" data-settings=\"{&quot;video_type&quot;:&quot;vimeo&quot;}\" data-widget_type=\"video.default\">\n\t\t\t\t<div class=\"elementor-widget-container\">\n\t\t\t\t\t\t\t<div class=\"elementor-wrapper elementor-open-inline\">\n\t\t\t<iframe class=\"elementor-video-iframe\" allowfullscreen allow=\"clipboard-write\" title=\"Reproductor de video vimeo\" src=\"https:\/\/player.vimeo.com\/video\/1167913591?color&amp;autopause=0&amp;loop=0&amp;muted=0&amp;title=0&amp;portrait=0&amp;byline=0&amp;h=219604db43#t=\"><\/iframe>\t\t<\/div>\n\t\t\t\t\t\t<\/div>\n\t\t\t\t<\/div>\n\t\t\t\t\t<\/div>\n\t\t<\/div>\n\t\t\t\t\t<\/div>\n\t\t<\/section>\n\t\t\t\t<section class=\"elementor-section elementor-top-section elementor-element elementor-element-8a9d52b elementor-section-content-middle elementor-section-boxed elementor-section-height-default elementor-section-height-default\" data-id=\"8a9d52b\" data-element_type=\"section\" data-e-type=\"section\">\n\t\t\t\t\t\t<div class=\"elementor-container elementor-column-gap-default\">\n\t\t\t\t\t<div class=\"elementor-column elementor-col-100 elementor-top-column elementor-element elementor-element-b7e5d3e\" data-id=\"b7e5d3e\" data-element_type=\"column\" data-e-type=\"column\">\n\t\t\t<div class=\"elementor-widget-wrap elementor-element-populated\">\n\t\t\t\t\t\t<div class=\"elementor-element elementor-element-5aa0972 elementor-widget-divider--view-line elementor-widget elementor-widget-divider\" data-id=\"5aa0972\" data-element_type=\"widget\" data-e-type=\"widget\" data-widget_type=\"divider.default\">\n\t\t\t\t<div class=\"elementor-widget-container\">\n\t\t\t\t\t\t\t<div class=\"elementor-divider\">\n\t\t\t<span class=\"elementor-divider-separator\">\n\t\t\t\t\t\t<\/span>\n\t\t<\/div>\n\t\t\t\t\t\t<\/div>\n\t\t\t\t<\/div>\n\t\t\t\t<div class=\"elementor-element elementor-element-8afc571 elementor-widget elementor-widget-spacer\" data-id=\"8afc571\" data-element_type=\"widget\" data-e-type=\"widget\" data-widget_type=\"spacer.default\">\n\t\t\t\t<div class=\"elementor-widget-container\">\n\t\t\t\t\t\t\t<div class=\"elementor-spacer\">\n\t\t\t<div class=\"elementor-spacer-inner\"><\/div>\n\t\t<\/div>\n\t\t\t\t\t\t<\/div>\n\t\t\t\t<\/div>\n\t\t\t\t<div class=\"elementor-element elementor-element-68d4aa7 elementor-align-center elementor-widget elementor-widget-button\" data-id=\"68d4aa7\" data-element_type=\"widget\" data-e-type=\"widget\" data-widget_type=\"button.default\">\n\t\t\t\t<div class=\"elementor-widget-container\">\n\t\t\t\t\t\t\t\t\t<div class=\"elementor-button-wrapper\">\n\t\t\t\t\t<a class=\"elementor-button elementor-button-link elementor-size-sm\" href=\"https:\/\/us06web.zoom.us\/j\/82151124636\">\n\t\t\t\t\t\t<span class=\"elementor-button-content-wrapper\">\n\t\t\t\t\t\t\t\t\t<span class=\"elementor-button-text\">Boton de acceso al Seminario Gratuito<\/span>\n\t\t\t\t\t<\/span>\n\t\t\t\t\t<\/a>\n\t\t\t\t<\/div>\n\t\t\t\t\t\t\t\t<\/div>\n\t\t\t\t<\/div>\n\t\t\t\t\t<\/div>\n\t\t<\/div>\n\t\t\t\t\t<\/div>\n\t\t<\/section>\n\t\t\t\t<section class=\"elementor-section elementor-top-section elementor-element elementor-element-ace2030 elementor-section-boxed elementor-section-height-default elementor-section-height-default\" data-id=\"ace2030\" data-element_type=\"section\" data-e-type=\"section\" data-settings=\"{&quot;background_background&quot;:&quot;gradient&quot;}\">\n\t\t\t\t\t\t<div class=\"elementor-container elementor-column-gap-default\">\n\t\t\t\t\t<div class=\"elementor-column elementor-col-100 elementor-top-column elementor-element elementor-element-db78cf9\" data-id=\"db78cf9\" data-element_type=\"column\" data-e-type=\"column\">\n\t\t\t<div class=\"elementor-widget-wrap elementor-element-populated\">\n\t\t\t\t\t\t<div class=\"elementor-element elementor-element-af1451a elementor-widget elementor-widget-spacer\" data-id=\"af1451a\" data-element_type=\"widget\" data-e-type=\"widget\" data-widget_type=\"spacer.default\">\n\t\t\t\t<div class=\"elementor-widget-container\">\n\t\t\t\t\t\t\t<div class=\"elementor-spacer\">\n\t\t\t<div class=\"elementor-spacer-inner\"><\/div>\n\t\t<\/div>\n\t\t\t\t\t\t<\/div>\n\t\t\t\t<\/div>\n\t\t\t\t<div class=\"elementor-element elementor-element-dee81eb elementor-widget elementor-widget-text-editor\" data-id=\"dee81eb\" data-element_type=\"widget\" data-e-type=\"widget\" data-widget_type=\"text-editor.default\">\n\t\t\t\t<div class=\"elementor-widget-container\">\n\t\t\t\t\t\t\t\t\t<div class=\"wrapper\"><div class=\"templateSection templateFooter\" data-template-container-bg=\"\"><div class=\"sectionFlexColumn\"><div class=\"footerContainer contentContainer\"><div class=\"mcnBoxedTextBlock\"><div class=\"mcnBoxedTextBlockInner\"><div class=\"mcnBoxedTextBlockColumn\"><div class=\"mcnTextContentContainer mcnTextContent\">elearning Latino | Copyright \u00a9 2025 | Todos los derechos reservados. Tus datos est\u00e1n protegidos con nuestro\u00a0<span style=\"color: #3366ff;\"><a style=\"color: #3366ff;\" href=\"https:\/\/elearninglatino.com\/index.php\/privacy-policy\/\" target=\"_blank\" rel=\"noopener\">aviso de privacidad<\/a><\/span> &#8211; T\u00e9rminos y Condiciones<\/div><\/div><\/div><\/div><\/div><\/div><\/div><\/div>\t\t\t\t\t\t\t\t<\/div>\n\t\t\t\t<\/div>\n\t\t\t\t\t<\/div>\n\t\t<\/div>\n\t\t\t\t\t<\/div>\n\t\t<\/section>\n\t\t\t\t<\/div>\n\t\t","protected":false},"excerpt":{"rendered":"<p>Seminario Gratuito de Inducci\u00f3n a los Est\u00e1ndares EC0301 y EC0217.01 Days Hours Minutes Seconds Descubre c\u00f3mo participar de la industria [&hellip;]<\/p>\n","protected":false},"author":1,"featured_media":0,"parent":0,"menu_order":0,"comment_status":"closed","ping_status":"closed","template":"elementor_header_footer","meta":{"footnotes":""},"class_list":["post-1435","page","type-page","status-publish","hentry"],"yoast_head":"<!-- This site is optimized with the Yoast SEO plugin v27.4 - https:\/\/yoast.com\/product\/yoast-seo-wordpress\/ -->\n<title>CapsulasEC301EC217 - elearninglatino<\/title>\n<meta name=\"robots\" content=\"index, follow, max-snippet:-1, max-image-preview:large, max-video-preview:-1\" \/>\n<link rel=\"canonical\" href=\"https:\/\/elearninglatino.com\/index.php\/capsulasec301ec217\/\" \/>\n<meta property=\"og:locale\" content=\"es_MX\" \/>\n<meta property=\"og:type\" content=\"article\" \/>\n<meta property=\"og:title\" content=\"CapsulasEC301EC217 - elearninglatino\" \/>\n<meta property=\"og:description\" content=\"Seminario Gratuito de Inducci\u00f3n a los Est\u00e1ndares EC0301 y EC0217.01 Days Hours Minutes Seconds Descubre c\u00f3mo participar de la industria [&hellip;]\" \/>\n<meta property=\"og:url\" content=\"https:\/\/elearninglatino.com\/index.php\/capsulasec301ec217\/\" \/>\n<meta property=\"og:site_name\" content=\"elearninglatino\" \/>\n<meta property=\"article:modified_time\" content=\"2026-02-24T23:33:21+00:00\" \/>\n<meta property=\"og:image\" content=\"https:\/\/elearninglatino.com\/wp-content\/uploads\/2025\/07\/Logos2.png\" \/>\n<meta name=\"twitter:card\" content=\"summary_large_image\" \/>\n<meta name=\"twitter:label1\" content=\"Tiempo de lectura\" \/>\n\t<meta name=\"twitter:data1\" content=\"1 minuto\" \/>\n<script type=\"application\/ld+json\" class=\"yoast-schema-graph\">{\"@context\":\"https:\\\/\\\/schema.org\",\"@graph\":[{\"@type\":\"WebPage\",\"@id\":\"https:\\\/\\\/elearninglatino.com\\\/index.php\\\/capsulasec301ec217\\\/\",\"url\":\"https:\\\/\\\/elearninglatino.com\\\/index.php\\\/capsulasec301ec217\\\/\",\"name\":\"CapsulasEC301EC217 - elearninglatino\",\"isPartOf\":{\"@id\":\"https:\\\/\\\/elearninglatino.com\\\/#website\"},\"primaryImageOfPage\":{\"@id\":\"https:\\\/\\\/elearninglatino.com\\\/index.php\\\/capsulasec301ec217\\\/#primaryimage\"},\"image\":{\"@id\":\"https:\\\/\\\/elearninglatino.com\\\/index.php\\\/capsulasec301ec217\\\/#primaryimage\"},\"thumbnailUrl\":\"https:\\\/\\\/elearninglatino.com\\\/wp-content\\\/uploads\\\/2025\\\/07\\\/Logos2.png\",\"datePublished\":\"2026-02-17T02:50:14+00:00\",\"dateModified\":\"2026-02-24T23:33:21+00:00\",\"breadcrumb\":{\"@id\":\"https:\\\/\\\/elearninglatino.com\\\/index.php\\\/capsulasec301ec217\\\/#breadcrumb\"},\"inLanguage\":\"es\",\"potentialAction\":[{\"@type\":\"ReadAction\",\"target\":[\"https:\\\/\\\/elearninglatino.com\\\/index.php\\\/capsulasec301ec217\\\/\"]}]},{\"@type\":\"ImageObject\",\"inLanguage\":\"es\",\"@id\":\"https:\\\/\\\/elearninglatino.com\\\/index.php\\\/capsulasec301ec217\\\/#primaryimage\",\"url\":\"https:\\\/\\\/i0.wp.com\\\/elearninglatino.com\\\/wp-content\\\/uploads\\\/2025\\\/07\\\/Logos2.png?fit=795%2C264&ssl=1\",\"contentUrl\":\"https:\\\/\\\/i0.wp.com\\\/elearninglatino.com\\\/wp-content\\\/uploads\\\/2025\\\/07\\\/Logos2.png?fit=795%2C264&ssl=1\",\"width\":795,\"height\":264},{\"@type\":\"BreadcrumbList\",\"@id\":\"https:\\\/\\\/elearninglatino.com\\\/index.php\\\/capsulasec301ec217\\\/#breadcrumb\",\"itemListElement\":[{\"@type\":\"ListItem\",\"position\":1,\"name\":\"Home\",\"item\":\"https:\\\/\\\/elearninglatino.com\\\/\"},{\"@type\":\"ListItem\",\"position\":2,\"name\":\"CapsulasEC301EC217\"}]},{\"@type\":\"WebSite\",\"@id\":\"https:\\\/\\\/elearninglatino.com\\\/#website\",\"url\":\"https:\\\/\\\/elearninglatino.com\\\/\",\"name\":\"elearninglatino\",\"description\":\"Donde aprender est\u00e1 en espa\u00f1ol\",\"publisher\":{\"@id\":\"https:\\\/\\\/elearninglatino.com\\\/#organization\"},\"potentialAction\":[{\"@type\":\"SearchAction\",\"target\":{\"@type\":\"EntryPoint\",\"urlTemplate\":\"https:\\\/\\\/elearninglatino.com\\\/?s={search_term_string}\"},\"query-input\":{\"@type\":\"PropertyValueSpecification\",\"valueRequired\":true,\"valueName\":\"search_term_string\"}}],\"inLanguage\":\"es\"},{\"@type\":\"Organization\",\"@id\":\"https:\\\/\\\/elearninglatino.com\\\/#organization\",\"name\":\"elearninglatino\",\"url\":\"https:\\\/\\\/elearninglatino.com\\\/\",\"logo\":{\"@type\":\"ImageObject\",\"inLanguage\":\"es\",\"@id\":\"https:\\\/\\\/elearninglatino.com\\\/#\\\/schema\\\/logo\\\/image\\\/\",\"url\":\"https:\\\/\\\/i0.wp.com\\\/elearninglatino.com\\\/wp-content\\\/uploads\\\/2019\\\/09\\\/cropped-logoElearningLatino4.png?fit=2026%2C455&ssl=1\",\"contentUrl\":\"https:\\\/\\\/i0.wp.com\\\/elearninglatino.com\\\/wp-content\\\/uploads\\\/2019\\\/09\\\/cropped-logoElearningLatino4.png?fit=2026%2C455&ssl=1\",\"width\":2026,\"height\":455,\"caption\":\"elearninglatino\"},\"image\":{\"@id\":\"https:\\\/\\\/elearninglatino.com\\\/#\\\/schema\\\/logo\\\/image\\\/\"}}]}<\/script>\n<!-- \/ Yoast SEO plugin. -->","yoast_head_json":{"title":"CapsulasEC301EC217 - elearninglatino","robots":{"index":"index","follow":"follow","max-snippet":"max-snippet:-1","max-image-preview":"max-image-preview:large","max-video-preview":"max-video-preview:-1"},"canonical":"https:\/\/elearninglatino.com\/index.php\/capsulasec301ec217\/","og_locale":"es_MX","og_type":"article","og_title":"CapsulasEC301EC217 - elearninglatino","og_description":"Seminario Gratuito de Inducci\u00f3n a los Est\u00e1ndares EC0301 y EC0217.01 Days Hours Minutes Seconds Descubre c\u00f3mo participar de la industria [&hellip;]","og_url":"https:\/\/elearninglatino.com\/index.php\/capsulasec301ec217\/","og_site_name":"elearninglatino","article_modified_time":"2026-02-24T23:33:21+00:00","og_image":[{"url":"https:\/\/elearninglatino.com\/wp-content\/uploads\/2025\/07\/Logos2.png","type":"","width":"","height":""}],"twitter_card":"summary_large_image","twitter_misc":{"Tiempo de lectura":"1 minuto"},"schema":{"@context":"https:\/\/schema.org","@graph":[{"@type":"WebPage","@id":"https:\/\/elearninglatino.com\/index.php\/capsulasec301ec217\/","url":"https:\/\/elearninglatino.com\/index.php\/capsulasec301ec217\/","name":"CapsulasEC301EC217 - elearninglatino","isPartOf":{"@id":"https:\/\/elearninglatino.com\/#website"},"primaryImageOfPage":{"@id":"https:\/\/elearninglatino.com\/index.php\/capsulasec301ec217\/#primaryimage"},"image":{"@id":"https:\/\/elearninglatino.com\/index.php\/capsulasec301ec217\/#primaryimage"},"thumbnailUrl":"https:\/\/elearninglatino.com\/wp-content\/uploads\/2025\/07\/Logos2.png","datePublished":"2026-02-17T02:50:14+00:00","dateModified":"2026-02-24T23:33:21+00:00","breadcrumb":{"@id":"https:\/\/elearninglatino.com\/index.php\/capsulasec301ec217\/#breadcrumb"},"inLanguage":"es","potentialAction":[{"@type":"ReadAction","target":["https:\/\/elearninglatino.com\/index.php\/capsulasec301ec217\/"]}]},{"@type":"ImageObject","inLanguage":"es","@id":"https:\/\/elearninglatino.com\/index.php\/capsulasec301ec217\/#primaryimage","url":"https:\/\/i0.wp.com\/elearninglatino.com\/wp-content\/uploads\/2025\/07\/Logos2.png?fit=795%2C264&ssl=1","contentUrl":"https:\/\/i0.wp.com\/elearninglatino.com\/wp-content\/uploads\/2025\/07\/Logos2.png?fit=795%2C264&ssl=1","width":795,"height":264},{"@type":"BreadcrumbList","@id":"https:\/\/elearninglatino.com\/index.php\/capsulasec301ec217\/#breadcrumb","itemListElement":[{"@type":"ListItem","position":1,"name":"Home","item":"https:\/\/elearninglatino.com\/"},{"@type":"ListItem","position":2,"name":"CapsulasEC301EC217"}]},{"@type":"WebSite","@id":"https:\/\/elearninglatino.com\/#website","url":"https:\/\/elearninglatino.com\/","name":"elearninglatino","description":"Donde aprender est\u00e1 en espa\u00f1ol","publisher":{"@id":"https:\/\/elearninglatino.com\/#organization"},"potentialAction":[{"@type":"SearchAction","target":{"@type":"EntryPoint","urlTemplate":"https:\/\/elearninglatino.com\/?s={search_term_string}"},"query-input":{"@type":"PropertyValueSpecification","valueRequired":true,"valueName":"search_term_string"}}],"inLanguage":"es"},{"@type":"Organization","@id":"https:\/\/elearninglatino.com\/#organization","name":"elearninglatino","url":"https:\/\/elearninglatino.com\/","logo":{"@type":"ImageObject","inLanguage":"es","@id":"https:\/\/elearninglatino.com\/#\/schema\/logo\/image\/","url":"https:\/\/i0.wp.com\/elearninglatino.com\/wp-content\/uploads\/2019\/09\/cropped-logoElearningLatino4.png?fit=2026%2C455&ssl=1","contentUrl":"https:\/\/i0.wp.com\/elearninglatino.com\/wp-content\/uploads\/2019\/09\/cropped-logoElearningLatino4.png?fit=2026%2C455&ssl=1","width":2026,"height":455,"caption":"elearninglatino"},"image":{"@id":"https:\/\/elearninglatino.com\/#\/schema\/logo\/image\/"}}]}},"jetpack_sharing_enabled":true,"_links":{"self":[{"href":"https:\/\/elearninglatino.com\/index.php\/wp-json\/wp\/v2\/pages\/1435","targetHints":{"allow":["GET"]}}],"collection":[{"href":"https:\/\/elearninglatino.com\/index.php\/wp-json\/wp\/v2\/pages"}],"about":[{"href":"https:\/\/elearninglatino.com\/index.php\/wp-json\/wp\/v2\/types\/page"}],"author":[{"embeddable":true,"href":"https:\/\/elearninglatino.com\/index.php\/wp-json\/wp\/v2\/users\/1"}],"replies":[{"embeddable":true,"href":"https:\/\/elearninglatino.com\/index.php\/wp-json\/wp\/v2\/comments?post=1435"}],"version-history":[{"count":58,"href":"https:\/\/elearninglatino.com\/index.php\/wp-json\/wp\/v2\/pages\/1435\/revisions"}],"predecessor-version":[{"id":1501,"href":"https:\/\/elearninglatino.com\/index.php\/wp-json\/wp\/v2\/pages\/1435\/revisions\/1501"}],"wp:attachment":[{"href":"https:\/\/elearninglatino.com\/index.php\/wp-json\/wp\/v2\/media?parent=1435"}],"curies":[{"name":"wp","href":"https:\/\/api.w.org\/{rel}","templated":true}]}}