{"id":1625,"date":"2026-03-30T23:17:06","date_gmt":"2026-03-30T23:17:06","guid":{"rendered":"https:\/\/elearninglatino.com\/?page_id=1625"},"modified":"2026-04-02T21:35:52","modified_gmt":"2026-04-02T21:35:52","slug":"servicios","status":"publish","type":"page","link":"https:\/\/elearninglatino.com\/index.php\/servicios\/","title":{"rendered":"Servicios"},"content":{"rendered":"\t\t<div data-elementor-type=\"wp-page\" data-elementor-id=\"1625\" class=\"elementor elementor-1625\" data-elementor-post-type=\"page\">\n\t\t\t\t\t\t<section class=\"elementor-section elementor-top-section elementor-element elementor-element-677359f elementor-hidden-mobile elementor-section-boxed elementor-section-height-default elementor-section-height-default\" data-id=\"677359f\" data-element_type=\"section\" data-e-type=\"section\">\n\t\t\t\t\t\t\t<div class=\"elementor-background-overlay\"><\/div>\n\t\t\t\t\t\t\t<div class=\"elementor-container elementor-column-gap-default\">\n\t\t\t\t\t<div class=\"elementor-column elementor-col-100 elementor-top-column elementor-element elementor-element-abc2ff6\" data-id=\"abc2ff6\" data-element_type=\"column\" data-e-type=\"column\">\n\t\t\t<div class=\"elementor-widget-wrap elementor-element-populated\">\n\t\t\t\t\t\t<div class=\"elementor-element elementor-element-2a058d0 elementor-widget elementor-widget-spacer\" data-id=\"2a058d0\" data-element_type=\"widget\" data-e-type=\"widget\" data-widget_type=\"spacer.default\">\n\t\t\t\t<div class=\"elementor-widget-container\">\n\t\t\t\t\t\t\t<div class=\"elementor-spacer\">\n\t\t\t<div class=\"elementor-spacer-inner\"><\/div>\n\t\t<\/div>\n\t\t\t\t\t\t<\/div>\n\t\t\t\t<\/div>\n\t\t\t\t\t<\/div>\n\t\t<\/div>\n\t\t\t\t\t<\/div>\n\t\t<\/section>\n\t\t\t\t<section class=\"elementor-section elementor-top-section elementor-element elementor-element-661064e elementor-section-boxed elementor-section-height-default elementor-section-height-default\" data-id=\"661064e\" data-element_type=\"section\" data-e-type=\"section\">\n\t\t\t\t\t\t<div class=\"elementor-container elementor-column-gap-default\">\n\t\t\t\t\t<div class=\"elementor-column elementor-col-100 elementor-top-column elementor-element elementor-element-495941f\" data-id=\"495941f\" data-element_type=\"column\" data-e-type=\"column\">\n\t\t\t<div class=\"elementor-widget-wrap elementor-element-populated\">\n\t\t\t\t\t\t<div class=\"elementor-element elementor-element-4d37c34 elementor-widget elementor-widget-spacer\" data-id=\"4d37c34\" data-element_type=\"widget\" data-e-type=\"widget\" data-widget_type=\"spacer.default\">\n\t\t\t\t<div class=\"elementor-widget-container\">\n\t\t\t\t\t\t\t<div class=\"elementor-spacer\">\n\t\t\t<div class=\"elementor-spacer-inner\"><\/div>\n\t\t<\/div>\n\t\t\t\t\t\t<\/div>\n\t\t\t\t<\/div>\n\t\t\t\t\t<\/div>\n\t\t<\/div>\n\t\t\t\t\t<\/div>\n\t\t<\/section>\n\t\t\t\t<section class=\"elementor-section elementor-top-section elementor-element elementor-element-89d455d animated-fast elementor-section-boxed elementor-section-height-default elementor-section-height-default elementor-invisible\" data-id=\"89d455d\" data-element_type=\"section\" data-e-type=\"section\" data-settings=\"{&quot;animation&quot;:&quot;fadeInUp&quot;}\">\n\t\t\t\t\t\t<div class=\"elementor-container elementor-column-gap-default\">\n\t\t\t\t\t<div class=\"elementor-column elementor-col-33 elementor-top-column elementor-element elementor-element-bab6e67\" data-id=\"bab6e67\" data-element_type=\"column\" data-e-type=\"column\">\n\t\t\t<div class=\"elementor-widget-wrap elementor-element-populated\">\n\t\t\t\t\t\t<div class=\"elementor-element elementor-element-ec5f7c6 elementor-widget elementor-widget-spacer\" data-id=\"ec5f7c6\" data-element_type=\"widget\" data-e-type=\"widget\" data-widget_type=\"spacer.default\">\n\t\t\t\t<div class=\"elementor-widget-container\">\n\t\t\t\t\t\t\t<div class=\"elementor-spacer\">\n\t\t\t<div class=\"elementor-spacer-inner\"><\/div>\n\t\t<\/div>\n\t\t\t\t\t\t<\/div>\n\t\t\t\t<\/div>\n\t\t\t\t<div class=\"elementor-element elementor-element-8b42866 elementor-align-center elementor-widget elementor-widget-button\" data-id=\"8b42866\" data-element_type=\"widget\" data-e-type=\"widget\" data-widget_type=\"button.default\">\n\t\t\t\t<div class=\"elementor-widget-container\">\n\t\t\t\t\t\t\t\t\t<div class=\"elementor-button-wrapper\">\n\t\t\t\t\t<a class=\"elementor-button elementor-button-link elementor-size-sm\" href=\"https:\/\/elearninglatino.com\/index.php\/servicios_competencias\/\">\n\t\t\t\t\t\t<span class=\"elementor-button-content-wrapper\">\n\t\t\t\t\t\t\t\t\t<span class=\"elementor-button-text\">Competencias Laborales<\/span>\n\t\t\t\t\t<\/span>\n\t\t\t\t\t<\/a>\n\t\t\t\t<\/div>\n\t\t\t\t\t\t\t\t<\/div>\n\t\t\t\t<\/div>\n\t\t\t\t<div class=\"elementor-element elementor-element-640b57c elementor-widget elementor-widget-spacer\" data-id=\"640b57c\" data-element_type=\"widget\" data-e-type=\"widget\" data-widget_type=\"spacer.default\">\n\t\t\t\t<div class=\"elementor-widget-container\">\n\t\t\t\t\t\t\t<div class=\"elementor-spacer\">\n\t\t\t<div class=\"elementor-spacer-inner\"><\/div>\n\t\t<\/div>\n\t\t\t\t\t\t<\/div>\n\t\t\t\t<\/div>\n\t\t\t\t\t<\/div>\n\t\t<\/div>\n\t\t\t\t<div class=\"elementor-column elementor-col-66 elementor-top-column elementor-element elementor-element-f9d4b1d\" data-id=\"f9d4b1d\" data-element_type=\"column\" data-e-type=\"column\">\n\t\t\t<div class=\"elementor-widget-wrap elementor-element-populated\">\n\t\t\t\t\t\t<div class=\"elementor-element elementor-element-19a8917 elementor-widget elementor-widget-spacer\" data-id=\"19a8917\" data-element_type=\"widget\" data-e-type=\"widget\" data-widget_type=\"spacer.default\">\n\t\t\t\t<div class=\"elementor-widget-container\">\n\t\t\t\t\t\t\t<div class=\"elementor-spacer\">\n\t\t\t<div class=\"elementor-spacer-inner\"><\/div>\n\t\t<\/div>\n\t\t\t\t\t\t<\/div>\n\t\t\t\t<\/div>\n\t\t\t\t<div class=\"elementor-element elementor-element-46ec3f3 elementor-align-center elementor-widget elementor-widget-button\" data-id=\"46ec3f3\" data-element_type=\"widget\" data-e-type=\"widget\" data-widget_type=\"button.default\">\n\t\t\t\t<div class=\"elementor-widget-container\">\n\t\t\t\t\t\t\t\t\t<div class=\"elementor-button-wrapper\">\n\t\t\t\t\t<a class=\"elementor-button elementor-button-link elementor-size-sm\" href=\"https:\/\/elearninglatino.com\/index.php\/nom-035-stps-2018\/\">\n\t\t\t\t\t\t<span class=\"elementor-button-content-wrapper\">\n\t\t\t\t\t\t\t\t\t<span class=\"elementor-button-text\">NOM-035<\/span>\n\t\t\t\t\t<\/span>\n\t\t\t\t\t<\/a>\n\t\t\t\t<\/div>\n\t\t\t\t\t\t\t\t<\/div>\n\t\t\t\t<\/div>\n\t\t\t\t<div class=\"elementor-element elementor-element-b3712a6 elementor-widget elementor-widget-spacer\" data-id=\"b3712a6\" data-element_type=\"widget\" data-e-type=\"widget\" data-widget_type=\"spacer.default\">\n\t\t\t\t<div class=\"elementor-widget-container\">\n\t\t\t\t\t\t\t<div class=\"elementor-spacer\">\n\t\t\t<div class=\"elementor-spacer-inner\"><\/div>\n\t\t<\/div>\n\t\t\t\t\t\t<\/div>\n\t\t\t\t<\/div>\n\t\t\t\t\t<\/div>\n\t\t<\/div>\n\t\t\t\t\t<\/div>\n\t\t<\/section>\n\t\t\t\t<section class=\"elementor-section elementor-top-section elementor-element elementor-element-7008dd4 elementor-section-boxed elementor-section-height-default elementor-section-height-default elementor-invisible\" data-id=\"7008dd4\" data-element_type=\"section\" data-e-type=\"section\" data-settings=\"{&quot;animation&quot;:&quot;fadeInRight&quot;}\">\n\t\t\t\t\t\t<div class=\"elementor-container elementor-column-gap-default\">\n\t\t\t\t\t<div class=\"elementor-column elementor-col-33 elementor-top-column elementor-element elementor-element-4abf970\" data-id=\"4abf970\" data-element_type=\"column\" data-e-type=\"column\">\n\t\t\t<div class=\"elementor-widget-wrap elementor-element-populated\">\n\t\t\t\t\t\t<div class=\"elementor-element elementor-element-599b407 elementor-widget elementor-widget-image\" data-id=\"599b407\" data-element_type=\"widget\" data-e-type=\"widget\" data-widget_type=\"image.default\">\n\t\t\t\t<div class=\"elementor-widget-container\">\n\t\t\t\t\t\t\t\t\t\t\t\t\t\t\t\t<a href=\"https:\/\/elearninglatino.com\/index.php\/servicios_competencias\/\">\n\t\t\t\t\t\t\t<img fetchpriority=\"high\" decoding=\"async\" width=\"768\" height=\"512\" src=\"https:\/\/i0.wp.com\/elearninglatino.com\/wp-content\/uploads\/2026\/03\/stocksnap-man-2562325-scaled.jpg?fit=768%2C512&ssl=1\" class=\"attachment-medium_large size-medium_large wp-image-1630\" alt=\"\" srcset=\"https:\/\/i0.wp.com\/elearninglatino.com\/wp-content\/uploads\/2026\/03\/stocksnap-man-2562325-scaled.jpg?w=2560&ssl=1 2560w, https:\/\/i0.wp.com\/elearninglatino.com\/wp-content\/uploads\/2026\/03\/stocksnap-man-2562325-scaled.jpg?resize=300%2C200&ssl=1 300w, https:\/\/i0.wp.com\/elearninglatino.com\/wp-content\/uploads\/2026\/03\/stocksnap-man-2562325-scaled.jpg?resize=1024%2C683&ssl=1 1024w, https:\/\/i0.wp.com\/elearninglatino.com\/wp-content\/uploads\/2026\/03\/stocksnap-man-2562325-scaled.jpg?resize=768%2C512&ssl=1 768w, https:\/\/i0.wp.com\/elearninglatino.com\/wp-content\/uploads\/2026\/03\/stocksnap-man-2562325-scaled.jpg?resize=1536%2C1024&ssl=1 1536w, https:\/\/i0.wp.com\/elearninglatino.com\/wp-content\/uploads\/2026\/03\/stocksnap-man-2562325-scaled.jpg?resize=2048%2C1365&ssl=1 2048w, https:\/\/i0.wp.com\/elearninglatino.com\/wp-content\/uploads\/2026\/03\/stocksnap-man-2562325-scaled.jpg?resize=720%2C480&ssl=1 720w, https:\/\/i0.wp.com\/elearninglatino.com\/wp-content\/uploads\/2026\/03\/stocksnap-man-2562325-scaled.jpg?w=2340&ssl=1 2340w\" sizes=\"(max-width: 768px) 100vw, 768px\" \/>\t\t\t\t\t\t\t\t<\/a>\n\t\t\t\t\t\t\t\t\t\t\t\t\t\t\t<\/div>\n\t\t\t\t<\/div>\n\t\t\t\t\t<\/div>\n\t\t<\/div>\n\t\t\t\t<div class=\"elementor-column elementor-col-66 elementor-top-column elementor-element elementor-element-dbe934e\" data-id=\"dbe934e\" data-element_type=\"column\" data-e-type=\"column\">\n\t\t\t<div class=\"elementor-widget-wrap elementor-element-populated\">\n\t\t\t\t\t\t<div class=\"elementor-element elementor-element-5ac6e7f elementor-widget elementor-widget-spacer\" data-id=\"5ac6e7f\" data-element_type=\"widget\" data-e-type=\"widget\" data-widget_type=\"spacer.default\">\n\t\t\t\t<div class=\"elementor-widget-container\">\n\t\t\t\t\t\t\t<div class=\"elementor-spacer\">\n\t\t\t<div class=\"elementor-spacer-inner\"><\/div>\n\t\t<\/div>\n\t\t\t\t\t\t<\/div>\n\t\t\t\t<\/div>\n\t\t\t\t<div class=\"elementor-element elementor-element-e3ceb79 elementor-widget elementor-widget-heading\" data-id=\"e3ceb79\" data-element_type=\"widget\" data-e-type=\"widget\" data-widget_type=\"heading.default\">\n\t\t\t\t<div class=\"elementor-widget-container\">\n\t\t\t\t\t<h2 class=\"elementor-heading-title elementor-size-default\">Certifica tus competencias <br><br>\nEvaluaci\u00f3n con fines de certificaci\u00f3n en competencias laborales\n<\/h2>\t\t\t\t<\/div>\n\t\t\t\t<\/div>\n\t\t\t\t\t<\/div>\n\t\t<\/div>\n\t\t\t\t\t<\/div>\n\t\t<\/section>\n\t\t\t\t<section class=\"elementor-section elementor-top-section elementor-element elementor-element-feb0bc6 elementor-section-boxed elementor-section-height-default elementor-section-height-default elementor-invisible\" data-id=\"feb0bc6\" data-element_type=\"section\" data-e-type=\"section\" data-settings=\"{&quot;animation&quot;:&quot;fadeInLeft&quot;}\">\n\t\t\t\t\t\t<div class=\"elementor-container elementor-column-gap-default\">\n\t\t\t\t\t<div class=\"elementor-column elementor-col-33 elementor-top-column elementor-element elementor-element-af49725\" data-id=\"af49725\" data-element_type=\"column\" data-e-type=\"column\">\n\t\t\t<div class=\"elementor-widget-wrap elementor-element-populated\">\n\t\t\t\t\t\t<div class=\"elementor-element elementor-element-19540f1 elementor-widget elementor-widget-spacer\" data-id=\"19540f1\" data-element_type=\"widget\" data-e-type=\"widget\" data-widget_type=\"spacer.default\">\n\t\t\t\t<div class=\"elementor-widget-container\">\n\t\t\t\t\t\t\t<div class=\"elementor-spacer\">\n\t\t\t<div class=\"elementor-spacer-inner\"><\/div>\n\t\t<\/div>\n\t\t\t\t\t\t<\/div>\n\t\t\t\t<\/div>\n\t\t\t\t<div class=\"elementor-element elementor-element-afc1368 elementor-widget elementor-widget-heading\" data-id=\"afc1368\" data-element_type=\"widget\" data-e-type=\"widget\" data-widget_type=\"heading.default\">\n\t\t\t\t<div class=\"elementor-widget-container\">\n\t\t\t\t\t<h2 class=\"elementor-heading-title elementor-size-default\">Factores de riesgo psicosocial en el trabajo-Identificaci\u00f3n, an\u00e1lisis y prevenci\u00f3n. <br><br><\/h2>\t\t\t\t<\/div>\n\t\t\t\t<\/div>\n\t\t\t\t\t<\/div>\n\t\t<\/div>\n\t\t\t\t<div class=\"elementor-column elementor-col-66 elementor-top-column elementor-element elementor-element-dc63acc\" data-id=\"dc63acc\" data-element_type=\"column\" data-e-type=\"column\">\n\t\t\t<div class=\"elementor-widget-wrap elementor-element-populated\">\n\t\t\t\t\t\t<div class=\"elementor-element elementor-element-23acf23 elementor-widget elementor-widget-image\" data-id=\"23acf23\" data-element_type=\"widget\" data-e-type=\"widget\" data-settings=\"{&quot;_animation&quot;:&quot;none&quot;}\" data-widget_type=\"image.default\">\n\t\t\t\t<div class=\"elementor-widget-container\">\n\t\t\t\t\t\t\t\t\t\t\t\t\t\t\t\t<a href=\"https:\/\/elearninglatino.com\/index.php\/nom-035-stps-2018\/\">\n\t\t\t\t\t\t\t<img decoding=\"async\" width=\"768\" height=\"512\" src=\"https:\/\/i0.wp.com\/elearninglatino.com\/wp-content\/uploads\/2026\/03\/ChatGPT-Image-Mar-30-2026-10_45_17-PM.png?fit=768%2C512&ssl=1\" class=\"attachment-medium_large size-medium_large wp-image-1632\" alt=\"\" srcset=\"https:\/\/i0.wp.com\/elearninglatino.com\/wp-content\/uploads\/2026\/03\/ChatGPT-Image-Mar-30-2026-10_45_17-PM.png?w=1536&ssl=1 1536w, https:\/\/i0.wp.com\/elearninglatino.com\/wp-content\/uploads\/2026\/03\/ChatGPT-Image-Mar-30-2026-10_45_17-PM.png?resize=300%2C200&ssl=1 300w, https:\/\/i0.wp.com\/elearninglatino.com\/wp-content\/uploads\/2026\/03\/ChatGPT-Image-Mar-30-2026-10_45_17-PM.png?resize=1024%2C683&ssl=1 1024w, https:\/\/i0.wp.com\/elearninglatino.com\/wp-content\/uploads\/2026\/03\/ChatGPT-Image-Mar-30-2026-10_45_17-PM.png?resize=768%2C512&ssl=1 768w, https:\/\/i0.wp.com\/elearninglatino.com\/wp-content\/uploads\/2026\/03\/ChatGPT-Image-Mar-30-2026-10_45_17-PM.png?resize=720%2C480&ssl=1 720w\" sizes=\"(max-width: 768px) 100vw, 768px\" \/>\t\t\t\t\t\t\t\t<\/a>\n\t\t\t\t\t\t\t\t\t\t\t\t\t\t\t<\/div>\n\t\t\t\t<\/div>\n\t\t\t\t\t<\/div>\n\t\t<\/div>\n\t\t\t\t\t<\/div>\n\t\t<\/section>\n\t\t\t\t<section class=\"elementor-section elementor-top-section elementor-element elementor-element-22362ff elementor-section-boxed elementor-section-height-default elementor-section-height-default\" data-id=\"22362ff\" data-element_type=\"section\" data-e-type=\"section\">\n\t\t\t\t\t\t<div class=\"elementor-container elementor-column-gap-default\">\n\t\t\t\t\t<div class=\"elementor-column elementor-col-100 elementor-top-column elementor-element elementor-element-5fd7b85\" data-id=\"5fd7b85\" data-element_type=\"column\" data-e-type=\"column\">\n\t\t\t<div class=\"elementor-widget-wrap elementor-element-populated\">\n\t\t\t\t\t\t<div class=\"elementor-element elementor-element-fb42d2c elementor-widget elementor-widget-spacer\" data-id=\"fb42d2c\" data-element_type=\"widget\" data-e-type=\"widget\" data-widget_type=\"spacer.default\">\n\t\t\t\t<div class=\"elementor-widget-container\">\n\t\t\t\t\t\t\t<div class=\"elementor-spacer\">\n\t\t\t<div class=\"elementor-spacer-inner\"><\/div>\n\t\t<\/div>\n\t\t\t\t\t\t<\/div>\n\t\t\t\t<\/div>\n\t\t\t\t\t<\/div>\n\t\t<\/div>\n\t\t\t\t\t<\/div>\n\t\t<\/section>\n\t\t\t\t<section class=\"elementor-section elementor-top-section elementor-element elementor-element-cab9a0c elementor-section-boxed elementor-section-height-default elementor-section-height-default\" data-id=\"cab9a0c\" data-element_type=\"section\" data-e-type=\"section\">\n\t\t\t\t\t\t<div class=\"elementor-container elementor-column-gap-default\">\n\t\t\t\t\t<div class=\"elementor-column elementor-col-100 elementor-top-column elementor-element elementor-element-7d158b4\" data-id=\"7d158b4\" data-element_type=\"column\" data-e-type=\"column\">\n\t\t\t<div class=\"elementor-widget-wrap elementor-element-populated\">\n\t\t\t\t\t\t<div class=\"elementor-element elementor-element-782100f elementor-widget elementor-widget-spacer\" data-id=\"782100f\" data-element_type=\"widget\" data-e-type=\"widget\" data-widget_type=\"spacer.default\">\n\t\t\t\t<div class=\"elementor-widget-container\">\n\t\t\t\t\t\t\t<div class=\"elementor-spacer\">\n\t\t\t<div class=\"elementor-spacer-inner\"><\/div>\n\t\t<\/div>\n\t\t\t\t\t\t<\/div>\n\t\t\t\t<\/div>\n\t\t\t\t\t<\/div>\n\t\t<\/div>\n\t\t\t\t\t<\/div>\n\t\t<\/section>\n\t\t\t\t<\/div>\n\t\t","protected":false},"excerpt":{"rendered":"<p>Competencias Laborales NOM-035 Certifica tus competencias Evaluaci\u00f3n con fines de certificaci\u00f3n en competencias laborales Factores de riesgo psicosocial en el [&hellip;]<\/p>\n","protected":false},"author":1,"featured_media":0,"parent":0,"menu_order":0,"comment_status":"closed","ping_status":"closed","template":"elementor_header_footer","meta":{"footnotes":""},"class_list":["post-1625","page","type-page","status-publish","hentry"],"yoast_head":"<!-- This site is optimized with the Yoast SEO plugin v27.5 - https:\/\/yoast.com\/product\/yoast-seo-wordpress\/ -->\n<title>Servicios - elearninglatino<\/title>\n<meta name=\"robots\" content=\"index, follow, max-snippet:-1, max-image-preview:large, max-video-preview:-1\" \/>\n<link rel=\"canonical\" href=\"https:\/\/elearninglatino.com\/index.php\/servicios\/\" \/>\n<meta property=\"og:locale\" content=\"es_MX\" \/>\n<meta property=\"og:type\" content=\"article\" \/>\n<meta property=\"og:title\" content=\"Servicios - elearninglatino\" \/>\n<meta property=\"og:description\" content=\"Competencias Laborales NOM-035 Certifica tus competencias Evaluaci\u00f3n con fines de certificaci\u00f3n en competencias laborales Factores de riesgo psicosocial en el [&hellip;]\" \/>\n<meta property=\"og:url\" content=\"https:\/\/elearninglatino.com\/index.php\/servicios\/\" \/>\n<meta property=\"og:site_name\" content=\"elearninglatino\" \/>\n<meta property=\"article:modified_time\" content=\"2026-04-02T21:35:52+00:00\" \/>\n<meta property=\"og:image\" content=\"https:\/\/elearninglatino.com\/wp-content\/uploads\/2026\/03\/stocksnap-man-2562325-768x512.jpg\" \/>\n<meta name=\"twitter:card\" content=\"summary_large_image\" \/>\n<meta name=\"twitter:label1\" content=\"Tiempo de lectura\" \/>\n\t<meta name=\"twitter:data1\" content=\"1 minuto\" \/>\n<script type=\"application\/ld+json\" class=\"yoast-schema-graph\">{\"@context\":\"https:\\\/\\\/schema.org\",\"@graph\":[{\"@type\":\"WebPage\",\"@id\":\"https:\\\/\\\/elearninglatino.com\\\/index.php\\\/servicios\\\/\",\"url\":\"https:\\\/\\\/elearninglatino.com\\\/index.php\\\/servicios\\\/\",\"name\":\"Servicios - elearninglatino\",\"isPartOf\":{\"@id\":\"https:\\\/\\\/elearninglatino.com\\\/#website\"},\"primaryImageOfPage\":{\"@id\":\"https:\\\/\\\/elearninglatino.com\\\/index.php\\\/servicios\\\/#primaryimage\"},\"image\":{\"@id\":\"https:\\\/\\\/elearninglatino.com\\\/index.php\\\/servicios\\\/#primaryimage\"},\"thumbnailUrl\":\"https:\\\/\\\/elearninglatino.com\\\/wp-content\\\/uploads\\\/2026\\\/03\\\/stocksnap-man-2562325-768x512.jpg\",\"datePublished\":\"2026-03-30T23:17:06+00:00\",\"dateModified\":\"2026-04-02T21:35:52+00:00\",\"breadcrumb\":{\"@id\":\"https:\\\/\\\/elearninglatino.com\\\/index.php\\\/servicios\\\/#breadcrumb\"},\"inLanguage\":\"es\",\"potentialAction\":[{\"@type\":\"ReadAction\",\"target\":[\"https:\\\/\\\/elearninglatino.com\\\/index.php\\\/servicios\\\/\"]}]},{\"@type\":\"ImageObject\",\"inLanguage\":\"es\",\"@id\":\"https:\\\/\\\/elearninglatino.com\\\/index.php\\\/servicios\\\/#primaryimage\",\"url\":\"https:\\\/\\\/i0.wp.com\\\/elearninglatino.com\\\/wp-content\\\/uploads\\\/2026\\\/03\\\/stocksnap-man-2562325-scaled.jpg?fit=2560%2C1706&ssl=1\",\"contentUrl\":\"https:\\\/\\\/i0.wp.com\\\/elearninglatino.com\\\/wp-content\\\/uploads\\\/2026\\\/03\\\/stocksnap-man-2562325-scaled.jpg?fit=2560%2C1706&ssl=1\",\"width\":2560,\"height\":1706},{\"@type\":\"BreadcrumbList\",\"@id\":\"https:\\\/\\\/elearninglatino.com\\\/index.php\\\/servicios\\\/#breadcrumb\",\"itemListElement\":[{\"@type\":\"ListItem\",\"position\":1,\"name\":\"Home\",\"item\":\"https:\\\/\\\/elearninglatino.com\\\/\"},{\"@type\":\"ListItem\",\"position\":2,\"name\":\"Servicios\"}]},{\"@type\":\"WebSite\",\"@id\":\"https:\\\/\\\/elearninglatino.com\\\/#website\",\"url\":\"https:\\\/\\\/elearninglatino.com\\\/\",\"name\":\"elearninglatino\",\"description\":\"Donde aprender est\u00e1 en espa\u00f1ol\",\"publisher\":{\"@id\":\"https:\\\/\\\/elearninglatino.com\\\/#organization\"},\"potentialAction\":[{\"@type\":\"SearchAction\",\"target\":{\"@type\":\"EntryPoint\",\"urlTemplate\":\"https:\\\/\\\/elearninglatino.com\\\/?s={search_term_string}\"},\"query-input\":{\"@type\":\"PropertyValueSpecification\",\"valueRequired\":true,\"valueName\":\"search_term_string\"}}],\"inLanguage\":\"es\"},{\"@type\":\"Organization\",\"@id\":\"https:\\\/\\\/elearninglatino.com\\\/#organization\",\"name\":\"elearninglatino\",\"url\":\"https:\\\/\\\/elearninglatino.com\\\/\",\"logo\":{\"@type\":\"ImageObject\",\"inLanguage\":\"es\",\"@id\":\"https:\\\/\\\/elearninglatino.com\\\/#\\\/schema\\\/logo\\\/image\\\/\",\"url\":\"https:\\\/\\\/i0.wp.com\\\/elearninglatino.com\\\/wp-content\\\/uploads\\\/2019\\\/09\\\/cropped-logoElearningLatino4.png?fit=2026%2C455&ssl=1\",\"contentUrl\":\"https:\\\/\\\/i0.wp.com\\\/elearninglatino.com\\\/wp-content\\\/uploads\\\/2019\\\/09\\\/cropped-logoElearningLatino4.png?fit=2026%2C455&ssl=1\",\"width\":2026,\"height\":455,\"caption\":\"elearninglatino\"},\"image\":{\"@id\":\"https:\\\/\\\/elearninglatino.com\\\/#\\\/schema\\\/logo\\\/image\\\/\"}}]}<\/script>\n<!-- \/ Yoast SEO plugin. -->","yoast_head_json":{"title":"Servicios - elearninglatino","robots":{"index":"index","follow":"follow","max-snippet":"max-snippet:-1","max-image-preview":"max-image-preview:large","max-video-preview":"max-video-preview:-1"},"canonical":"https:\/\/elearninglatino.com\/index.php\/servicios\/","og_locale":"es_MX","og_type":"article","og_title":"Servicios - elearninglatino","og_description":"Competencias Laborales NOM-035 Certifica tus competencias Evaluaci\u00f3n con fines de certificaci\u00f3n en competencias laborales Factores de riesgo psicosocial en el [&hellip;]","og_url":"https:\/\/elearninglatino.com\/index.php\/servicios\/","og_site_name":"elearninglatino","article_modified_time":"2026-04-02T21:35:52+00:00","og_image":[{"url":"https:\/\/elearninglatino.com\/wp-content\/uploads\/2026\/03\/stocksnap-man-2562325-768x512.jpg","type":"","width":"","height":""}],"twitter_card":"summary_large_image","twitter_misc":{"Tiempo de lectura":"1 minuto"},"schema":{"@context":"https:\/\/schema.org","@graph":[{"@type":"WebPage","@id":"https:\/\/elearninglatino.com\/index.php\/servicios\/","url":"https:\/\/elearninglatino.com\/index.php\/servicios\/","name":"Servicios - elearninglatino","isPartOf":{"@id":"https:\/\/elearninglatino.com\/#website"},"primaryImageOfPage":{"@id":"https:\/\/elearninglatino.com\/index.php\/servicios\/#primaryimage"},"image":{"@id":"https:\/\/elearninglatino.com\/index.php\/servicios\/#primaryimage"},"thumbnailUrl":"https:\/\/elearninglatino.com\/wp-content\/uploads\/2026\/03\/stocksnap-man-2562325-768x512.jpg","datePublished":"2026-03-30T23:17:06+00:00","dateModified":"2026-04-02T21:35:52+00:00","breadcrumb":{"@id":"https:\/\/elearninglatino.com\/index.php\/servicios\/#breadcrumb"},"inLanguage":"es","potentialAction":[{"@type":"ReadAction","target":["https:\/\/elearninglatino.com\/index.php\/servicios\/"]}]},{"@type":"ImageObject","inLanguage":"es","@id":"https:\/\/elearninglatino.com\/index.php\/servicios\/#primaryimage","url":"https:\/\/i0.wp.com\/elearninglatino.com\/wp-content\/uploads\/2026\/03\/stocksnap-man-2562325-scaled.jpg?fit=2560%2C1706&ssl=1","contentUrl":"https:\/\/i0.wp.com\/elearninglatino.com\/wp-content\/uploads\/2026\/03\/stocksnap-man-2562325-scaled.jpg?fit=2560%2C1706&ssl=1","width":2560,"height":1706},{"@type":"BreadcrumbList","@id":"https:\/\/elearninglatino.com\/index.php\/servicios\/#breadcrumb","itemListElement":[{"@type":"ListItem","position":1,"name":"Home","item":"https:\/\/elearninglatino.com\/"},{"@type":"ListItem","position":2,"name":"Servicios"}]},{"@type":"WebSite","@id":"https:\/\/elearninglatino.com\/#website","url":"https:\/\/elearninglatino.com\/","name":"elearninglatino","description":"Donde aprender est\u00e1 en espa\u00f1ol","publisher":{"@id":"https:\/\/elearninglatino.com\/#organization"},"potentialAction":[{"@type":"SearchAction","target":{"@type":"EntryPoint","urlTemplate":"https:\/\/elearninglatino.com\/?s={search_term_string}"},"query-input":{"@type":"PropertyValueSpecification","valueRequired":true,"valueName":"search_term_string"}}],"inLanguage":"es"},{"@type":"Organization","@id":"https:\/\/elearninglatino.com\/#organization","name":"elearninglatino","url":"https:\/\/elearninglatino.com\/","logo":{"@type":"ImageObject","inLanguage":"es","@id":"https:\/\/elearninglatino.com\/#\/schema\/logo\/image\/","url":"https:\/\/i0.wp.com\/elearninglatino.com\/wp-content\/uploads\/2019\/09\/cropped-logoElearningLatino4.png?fit=2026%2C455&ssl=1","contentUrl":"https:\/\/i0.wp.com\/elearninglatino.com\/wp-content\/uploads\/2019\/09\/cropped-logoElearningLatino4.png?fit=2026%2C455&ssl=1","width":2026,"height":455,"caption":"elearninglatino"},"image":{"@id":"https:\/\/elearninglatino.com\/#\/schema\/logo\/image\/"}}]}},"jetpack_sharing_enabled":true,"_links":{"self":[{"href":"https:\/\/elearninglatino.com\/index.php\/wp-json\/wp\/v2\/pages\/1625","targetHints":{"allow":["GET"]}}],"collection":[{"href":"https:\/\/elearninglatino.com\/index.php\/wp-json\/wp\/v2\/pages"}],"about":[{"href":"https:\/\/elearninglatino.com\/index.php\/wp-json\/wp\/v2\/types\/page"}],"author":[{"embeddable":true,"href":"https:\/\/elearninglatino.com\/index.php\/wp-json\/wp\/v2\/users\/1"}],"replies":[{"embeddable":true,"href":"https:\/\/elearninglatino.com\/index.php\/wp-json\/wp\/v2\/comments?post=1625"}],"version-history":[{"count":18,"href":"https:\/\/elearninglatino.com\/index.php\/wp-json\/wp\/v2\/pages\/1625\/revisions"}],"predecessor-version":[{"id":1803,"href":"https:\/\/elearninglatino.com\/index.php\/wp-json\/wp\/v2\/pages\/1625\/revisions\/1803"}],"wp:attachment":[{"href":"https:\/\/elearninglatino.com\/index.php\/wp-json\/wp\/v2\/media?parent=1625"}],"curies":[{"name":"wp","href":"https:\/\/api.w.org\/{rel}","templated":true}]}}