{"id":3,"date":"2019-01-29T18:34:25","date_gmt":"2019-01-29T18:34:25","guid":{"rendered":"http:\/\/elearninglatino.com\/\/?page_id=3"},"modified":"2025-08-20T18:20:53","modified_gmt":"2025-08-20T18:20:53","slug":"privacy-policy","status":"publish","type":"page","link":"https:\/\/elearninglatino.com\/index.php\/privacy-policy\/","title":{"rendered":"Pol\u00edtica de Privacidad"},"content":{"rendered":"\n<h3 class=\"wp-block-heading\">Aviso de Privacidad<\/h3>\n\n\n\n<p>En elearning Latino con nombre fiscal DAFEGAME Centro Evaluador. (en adelante \u201cDAFEGAME\u201d), con domicilio en Papagayo #18, Col. Lago de Guadalupe, Cuautitl\u00e1n Izcalli, Estado de M\u00e9xico, CP 54760, aplica lineamientos y procedimientos para proteger sus datos, ya que somos responsables de la seguridad y confidencialidad de los datos personales que usted voluntariamente nos proporciona. El presente aviso de privacidad se da a conocer con apego a lo establecido en los art\u00edculos tercero transitorio, 15 y 16 de la Ley Federal de Protecci\u00f3n de Datos Personales en Posesi\u00f3n de los Particulares, publicada en el Diario Oficial de la Federaci\u00f3n el d\u00eda 5 de julio del a\u00f1o 2010, ordenamiento legal que tiene la finalidad de regular el tratamiento que se da a los datos personales en el nombre de la norma jur\u00eddica aludida, controlando e informando a efecto de garantizar la privacidad y el derecho a la autodeterminaci\u00f3n informativa de las personas.<br>Definiciones<br>En atenci\u00f3n a lo dispuesto por la Ley Federal de Protecci\u00f3n de Datos Personales en Posesi\u00f3n de los Particulares, en el presente aviso se entender\u00e1 por:<br>I. Datos Personales.<br>Cualquier informaci\u00f3n concerniente a una persona f\u00edsica identificada o identificable.<br>II. Datos Personales Patrimoniales y Financieros.<br>Son aquellos datos personales que est\u00e1n relacionados con sus ingresos, cr\u00e9ditos, bienes muebles e inmuebles.<br>III. Datos Personales Sensibles.<br>Aquellos datos personales que afecten a la esfera m\u00e1s \u00edntima de su titular, o cuya utilizaci\u00f3n indebida pueda dar origen a discriminaci\u00f3n o conlleve un riesgo grave para \u00e9ste. En particular, se consideran sensibles aquellos que puedan revelar aspectos como origen racial, \u00e9tnico, estado de salud presente y futura, informaci\u00f3n gen\u00e9tica, creencias religiosas, filos\u00f3ficas y morales, afiliaci\u00f3n sindical, opiniones pol\u00edticas, preferencia sexual.<br>IV. Derechos ARCO.<br>Derechos de acceso, rectificaci\u00f3n, cancelaci\u00f3n y oposici\u00f3n previstos en la Ley Federal de Protecci\u00f3n de Datos Personales en Posesi\u00f3n de los Particulares.<br>V. Ley.<br>Ley Federal de Protecci\u00f3n de Datos Personales en Posesi\u00f3n de los Particulares.<br>VI. Responsable.<br>\u201cDAFEGAME\u201d que lleva a cabo el tratamiento de sus datos personales.<br>VII. Titular.<br>La persona f\u00edsica a quien corresponden los datos personales.<br>Medios de obtenci\u00f3n de los datos personales<br>Le comunicamos que el medio establecido por el responsable (DAFEGAME) para recolectar los datos personales, es de manera directa por medios electr\u00f3nicos ya sea a trav\u00e9s del \u201cchat\u201d, correo electr\u00f3nico, tel\u00e9fono, formularios y de manera indirecta por medio de transferencias que le hacen llegar sus empresas filiales y\/o terceros.<br>As\u00ed mismo ponemos a su disposici\u00f3n el n\u00famero de tel\u00e9fono: +527203608982, as\u00ed como el correo electr\u00f3nico info@elearninglatino.com y el sitio web:\u00a0<a href=\"https:\/\/www.elearninglatino.com\/\">https:\/\/www.elearninglatino.com<\/a><br>Datos que se recaban<br>DAFEGAME recabar\u00e1 los siguientes datos personales: Nombre completo, fecha de nacimiento, identificaci\u00f3n oficial con fotograf\u00eda, nacionalidad, domicilio, CURP, RFC, tel\u00e9fono, correo electr\u00f3nico.<br>Finalidades del tratamiento de sus datos personales<br>Los datos personales mencionados en el apartado anterior que DAFEGAME recabe, ser\u00e1n utilizados exclusivamente para dar seguimiento a comentarios, consultas, quejas y reclamaciones que usted presente en relaci\u00f3n con nuestro productos y servicios, mantener controles estad\u00edsticos y administrativos y, en su caso, para fines de publicidad y prospecci\u00f3n comercial. En caso de que usted no quiera recibir publicidad y ofertas, nos lo puede hacer saber al tel\u00e9fono +527203608982 de lunes a viernes de 9:00 a 14:00 y de 16:00 a 19:00 horas, o a trav\u00e9s del correo electr\u00f3nico info@elearninglatino.com<br>Finalidades secundarias<br>DAFEGAME graba audios, videos y toma de fotograf\u00edas de los diferentes eventos que realizamos como son: evaluaciones, capacitaciones, cursos, juntas, entre otras, este material es para uso exclusivo de DAFEGAME, incluyendo la difusi\u00f3n en distintos medios impresos y\/o electr\u00f3nicos tales como peri\u00f3dicos, revistas, espectaculares, p\u00e1ginas de internet, redes sociales, con fines publicitarios, as\u00ed como la evaluaci\u00f3n de la prestaci\u00f3n de los mismos. Todos aquellos datos personales que el titular ingrese o proporcione voluntariamente al responsable, por cualquier medio, se sujetar\u00e1n a las pol\u00edticas de seguridad y privacidad interna.<br>De conformidad con el art\u00edculo 8 de la Ley Federal de Protecci\u00f3n de Datos Personales, si usted no manifiesta su oposici\u00f3n para el tratamiento de sus datos personales, se entender\u00e1 que nos otorga su consentimiento expreso para ello. De cualquier forma, nos comprometemos a no tratar estos datos para finalidades diversas de las apuntadas en este Aviso de Privacidad, salvo en el caso de las excepciones previstas en el art\u00edculo 37 de la Ley Federal de Protecci\u00f3n de Datos Personales en Posesi\u00f3n de los Particulares.<br>Transferencia de datos personales<br>Le informamos que sus datos personales pueden ser transferidos por DAFEGAME y tratados dentro y fuera del pa\u00eds a personas distintas de esta empresa. En ese sentido, su informaci\u00f3n puede ser compartida con ECE AMECAP, para dar seguimiento a los comentarios, consulta, quejas y reclamaciones que usted presente, as\u00ed como para mantener controlar administrativos y estad\u00edsticos. Usted puede manifestar su oposici\u00f3n, o bien revocar su consentimiento mediante el procedimiento de ejercicio de los Derechos ARCO.<br>\u00a0<br>El tercero receptor asumir\u00e1 las mismas obligaciones que correspondan al responsable que transfiri\u00f3 los datos.<br>El Responsable no vender\u00e1, regalar\u00e1, facilitar\u00e1 ni alquilar\u00e1 informaci\u00f3n a terceros, se compromete a no transferir datos personales; salvo los mencionados anteriormente y los casos establecidos por la Ley Federal de Protecci\u00f3n de Datos Personales en Posesi\u00f3n de los Particulares.<br>Derechos Arco<br>As\u00ed mismo le informamos que podr\u00e1 ejercer en todo momento sus derechos de acceso, rectificaci\u00f3n, cancelaci\u00f3n u oposici\u00f3n (ARCO); revocar el consentimiento que nos ha otorgado para el tratamiento de sus datos personales, a fin de que dejemos de hacer uso de los mismos. Dirigiendo su solicitud mediante escrito libre a la Francisco S. Garc\u00eda Perales, Responsable de Direcci\u00f3n al siguiente correo electr\u00f3nico info@elearninglatino.com o bien presentar esta misma v\u00eda correo postal a las oficinas ubicadas en Papagayo #18, Col. Lago de Guadalupe, Cuautitl\u00e1n Izcalli, Estado de M\u00e9xico, CP 54760. Su solicitud deber\u00e1 contener:<br>\u00a0<br>a) Nombre del titular.<br>b) Documento que acredite su identidad.<br>c) Domicilio de titular o direcci\u00f3n de correo electr\u00f3nico para comunicar respuesta a solicitud.<br>d) Descripci\u00f3n de datos personales sobre los que se pretende ejercer alg\u00fan derecho ARCO.<br>e) Cualquier otro elemento que permita la localizaci\u00f3n de los datos personales y atenci\u00f3n a la solicitud.<br>\u00a0<br>El tiempo de respuesta para su solicitud no exceder\u00e1 de 10 d\u00edas h\u00e1biles contados a partir del d\u00eda siguiente de su recepci\u00f3n.<br>As\u00ed tambi\u00e9n, le informamos que si usted no est\u00e1 de acuerdo con la respuesta que el demos a su solicitud que limite el uso o divulgaci\u00f3n de datos, usted tiene el derecho de iniciar un procedimiento de protecci\u00f3n de datos ante el Instituto Federal de Acceso a la Informaci\u00f3n y Protecci\u00f3n de Datos (<a href=\"https:\/\/pagina.elearninglatino.com\/www.ifai.org.mx\">www.ifai.org.mx<\/a>) dentro de los 15 d\u00edas siguientes a la fecha en que reciba la respuesta de DAFEGAME o a partir de que concluya el plazo de 20 d\u00edas contados a partir de la fecha de recepci\u00f3n de su solicitud de ejercicio de derechos.<br>El responsable le informa que no utiliza \u201ccookies y web beacons\u201d para obtener informaci\u00f3n personal de usted de manera autom\u00e1tica. Los datos personales que recabamos y los medios de hacerlo, se encuentran especificados en el presente Aviso de Privacidad.<br>Modificaciones al aviso de privacidad<br>Nos reservamos el derecho de efectuar en cualquier momento modificaciones o actualizaciones al presente aviso de privacidad, para la prestaci\u00f3n u ofrecimiento de nuestros servicios. Cualquier modificaci\u00f3n al presente aviso le ser\u00e1 notificada a trav\u00e9s de cualquiera de los siguientes medios: un comunicado por escrito publicado, en las instalaciones de DAFEGAME; un mensaje enviado al \u00faltimo correo electr\u00f3nico que nos haya proporcionado o en nuestra p\u00e1gina de Internet\u00a0<a href=\"https:\/\/www.elearninglatino.com\/\">https:\/\/www.elearninglatino.com<\/a>\u00a0secci\u00f3n aviso de privacidad.<br>Fecha de \u00faltima modificaci\u00f3n: Mayo del 2025<\/p>\n","protected":false},"excerpt":{"rendered":"<p>Aviso de Privacidad En elearning Latino con nombre fiscal DAFEGAME Centro Evaluador. (en adelante \u201cDAFEGAME\u201d), con domicilio en Papagayo #18, [&hellip;]<\/p>\n","protected":false},"author":1,"featured_media":0,"parent":0,"menu_order":0,"comment_status":"closed","ping_status":"open","template":"page-templates\/template_fullwidth.php","meta":{"footnotes":""},"class_list":["post-3","page","type-page","status-publish","hentry"],"yoast_head":"<!-- This site is optimized with the Yoast SEO plugin v27.4 - https:\/\/yoast.com\/product\/yoast-seo-wordpress\/ -->\n<title>Pol\u00edtica de Privacidad - elearninglatino<\/title>\n<meta name=\"robots\" content=\"index, follow, max-snippet:-1, max-image-preview:large, max-video-preview:-1\" \/>\n<link rel=\"canonical\" href=\"https:\/\/elearninglatino.com\/index.php\/privacy-policy\/\" \/>\n<meta property=\"og:locale\" content=\"es_MX\" \/>\n<meta property=\"og:type\" content=\"article\" \/>\n<meta property=\"og:title\" content=\"Pol\u00edtica de Privacidad - elearninglatino\" \/>\n<meta property=\"og:description\" content=\"Aviso de Privacidad En elearning Latino con nombre fiscal DAFEGAME Centro Evaluador. (en adelante \u201cDAFEGAME\u201d), con domicilio en Papagayo #18, [&hellip;]\" \/>\n<meta property=\"og:url\" content=\"https:\/\/elearninglatino.com\/index.php\/privacy-policy\/\" \/>\n<meta property=\"og:site_name\" content=\"elearninglatino\" \/>\n<meta property=\"article:modified_time\" content=\"2025-08-20T18:20:53+00:00\" \/>\n<meta name=\"twitter:card\" content=\"summary_large_image\" \/>\n<meta name=\"twitter:label1\" content=\"Tiempo de lectura\" \/>\n\t<meta name=\"twitter:data1\" content=\"6 minutos\" \/>\n<script type=\"application\/ld+json\" class=\"yoast-schema-graph\">{\"@context\":\"https:\\\/\\\/schema.org\",\"@graph\":[{\"@type\":\"WebPage\",\"@id\":\"https:\\\/\\\/elearninglatino.com\\\/index.php\\\/privacy-policy\\\/\",\"url\":\"https:\\\/\\\/elearninglatino.com\\\/index.php\\\/privacy-policy\\\/\",\"name\":\"Pol\u00edtica de Privacidad - elearninglatino\",\"isPartOf\":{\"@id\":\"https:\\\/\\\/elearninglatino.com\\\/#website\"},\"datePublished\":\"2019-01-29T18:34:25+00:00\",\"dateModified\":\"2025-08-20T18:20:53+00:00\",\"breadcrumb\":{\"@id\":\"https:\\\/\\\/elearninglatino.com\\\/index.php\\\/privacy-policy\\\/#breadcrumb\"},\"inLanguage\":\"es\",\"potentialAction\":[{\"@type\":\"ReadAction\",\"target\":[\"https:\\\/\\\/elearninglatino.com\\\/index.php\\\/privacy-policy\\\/\"]}]},{\"@type\":\"BreadcrumbList\",\"@id\":\"https:\\\/\\\/elearninglatino.com\\\/index.php\\\/privacy-policy\\\/#breadcrumb\",\"itemListElement\":[{\"@type\":\"ListItem\",\"position\":1,\"name\":\"Home\",\"item\":\"https:\\\/\\\/elearninglatino.com\\\/\"},{\"@type\":\"ListItem\",\"position\":2,\"name\":\"Pol\u00edtica de Privacidad\"}]},{\"@type\":\"WebSite\",\"@id\":\"https:\\\/\\\/elearninglatino.com\\\/#website\",\"url\":\"https:\\\/\\\/elearninglatino.com\\\/\",\"name\":\"elearninglatino\",\"description\":\"Donde aprender est\u00e1 en espa\u00f1ol\",\"publisher\":{\"@id\":\"https:\\\/\\\/elearninglatino.com\\\/#organization\"},\"potentialAction\":[{\"@type\":\"SearchAction\",\"target\":{\"@type\":\"EntryPoint\",\"urlTemplate\":\"https:\\\/\\\/elearninglatino.com\\\/?s={search_term_string}\"},\"query-input\":{\"@type\":\"PropertyValueSpecification\",\"valueRequired\":true,\"valueName\":\"search_term_string\"}}],\"inLanguage\":\"es\"},{\"@type\":\"Organization\",\"@id\":\"https:\\\/\\\/elearninglatino.com\\\/#organization\",\"name\":\"elearninglatino\",\"url\":\"https:\\\/\\\/elearninglatino.com\\\/\",\"logo\":{\"@type\":\"ImageObject\",\"inLanguage\":\"es\",\"@id\":\"https:\\\/\\\/elearninglatino.com\\\/#\\\/schema\\\/logo\\\/image\\\/\",\"url\":\"https:\\\/\\\/i0.wp.com\\\/elearninglatino.com\\\/wp-content\\\/uploads\\\/2019\\\/09\\\/cropped-logoElearningLatino4.png?fit=2026%2C455&ssl=1\",\"contentUrl\":\"https:\\\/\\\/i0.wp.com\\\/elearninglatino.com\\\/wp-content\\\/uploads\\\/2019\\\/09\\\/cropped-logoElearningLatino4.png?fit=2026%2C455&ssl=1\",\"width\":2026,\"height\":455,\"caption\":\"elearninglatino\"},\"image\":{\"@id\":\"https:\\\/\\\/elearninglatino.com\\\/#\\\/schema\\\/logo\\\/image\\\/\"}}]}<\/script>\n<!-- \/ Yoast SEO plugin. -->","yoast_head_json":{"title":"Pol\u00edtica de Privacidad - elearninglatino","robots":{"index":"index","follow":"follow","max-snippet":"max-snippet:-1","max-image-preview":"max-image-preview:large","max-video-preview":"max-video-preview:-1"},"canonical":"https:\/\/elearninglatino.com\/index.php\/privacy-policy\/","og_locale":"es_MX","og_type":"article","og_title":"Pol\u00edtica de Privacidad - elearninglatino","og_description":"Aviso de Privacidad En elearning Latino con nombre fiscal DAFEGAME Centro Evaluador. (en adelante \u201cDAFEGAME\u201d), con domicilio en Papagayo #18, [&hellip;]","og_url":"https:\/\/elearninglatino.com\/index.php\/privacy-policy\/","og_site_name":"elearninglatino","article_modified_time":"2025-08-20T18:20:53+00:00","twitter_card":"summary_large_image","twitter_misc":{"Tiempo de lectura":"6 minutos"},"schema":{"@context":"https:\/\/schema.org","@graph":[{"@type":"WebPage","@id":"https:\/\/elearninglatino.com\/index.php\/privacy-policy\/","url":"https:\/\/elearninglatino.com\/index.php\/privacy-policy\/","name":"Pol\u00edtica de Privacidad - elearninglatino","isPartOf":{"@id":"https:\/\/elearninglatino.com\/#website"},"datePublished":"2019-01-29T18:34:25+00:00","dateModified":"2025-08-20T18:20:53+00:00","breadcrumb":{"@id":"https:\/\/elearninglatino.com\/index.php\/privacy-policy\/#breadcrumb"},"inLanguage":"es","potentialAction":[{"@type":"ReadAction","target":["https:\/\/elearninglatino.com\/index.php\/privacy-policy\/"]}]},{"@type":"BreadcrumbList","@id":"https:\/\/elearninglatino.com\/index.php\/privacy-policy\/#breadcrumb","itemListElement":[{"@type":"ListItem","position":1,"name":"Home","item":"https:\/\/elearninglatino.com\/"},{"@type":"ListItem","position":2,"name":"Pol\u00edtica de Privacidad"}]},{"@type":"WebSite","@id":"https:\/\/elearninglatino.com\/#website","url":"https:\/\/elearninglatino.com\/","name":"elearninglatino","description":"Donde aprender est\u00e1 en espa\u00f1ol","publisher":{"@id":"https:\/\/elearninglatino.com\/#organization"},"potentialAction":[{"@type":"SearchAction","target":{"@type":"EntryPoint","urlTemplate":"https:\/\/elearninglatino.com\/?s={search_term_string}"},"query-input":{"@type":"PropertyValueSpecification","valueRequired":true,"valueName":"search_term_string"}}],"inLanguage":"es"},{"@type":"Organization","@id":"https:\/\/elearninglatino.com\/#organization","name":"elearninglatino","url":"https:\/\/elearninglatino.com\/","logo":{"@type":"ImageObject","inLanguage":"es","@id":"https:\/\/elearninglatino.com\/#\/schema\/logo\/image\/","url":"https:\/\/i0.wp.com\/elearninglatino.com\/wp-content\/uploads\/2019\/09\/cropped-logoElearningLatino4.png?fit=2026%2C455&ssl=1","contentUrl":"https:\/\/i0.wp.com\/elearninglatino.com\/wp-content\/uploads\/2019\/09\/cropped-logoElearningLatino4.png?fit=2026%2C455&ssl=1","width":2026,"height":455,"caption":"elearninglatino"},"image":{"@id":"https:\/\/elearninglatino.com\/#\/schema\/logo\/image\/"}}]}},"jetpack_sharing_enabled":true,"_links":{"self":[{"href":"https:\/\/elearninglatino.com\/index.php\/wp-json\/wp\/v2\/pages\/3","targetHints":{"allow":["GET"]}}],"collection":[{"href":"https:\/\/elearninglatino.com\/index.php\/wp-json\/wp\/v2\/pages"}],"about":[{"href":"https:\/\/elearninglatino.com\/index.php\/wp-json\/wp\/v2\/types\/page"}],"author":[{"embeddable":true,"href":"https:\/\/elearninglatino.com\/index.php\/wp-json\/wp\/v2\/users\/1"}],"replies":[{"embeddable":true,"href":"https:\/\/elearninglatino.com\/index.php\/wp-json\/wp\/v2\/comments?post=3"}],"version-history":[{"count":3,"href":"https:\/\/elearninglatino.com\/index.php\/wp-json\/wp\/v2\/pages\/3\/revisions"}],"predecessor-version":[{"id":1341,"href":"https:\/\/elearninglatino.com\/index.php\/wp-json\/wp\/v2\/pages\/3\/revisions\/1341"}],"wp:attachment":[{"href":"https:\/\/elearninglatino.com\/index.php\/wp-json\/wp\/v2\/media?parent=3"}],"curies":[{"name":"wp","href":"https:\/\/api.w.org\/{rel}","templated":true}]}}